{"id":1454,"date":"2025-07-03T18:17:49","date_gmt":"2025-07-03T16:17:49","guid":{"rendered":"https:\/\/rhecord.de\/?page_id=1454"},"modified":"2025-07-21T10:17:22","modified_gmt":"2025-07-21T08:17:22","slug":"kontakt","status":"publish","type":"page","link":"https:\/\/rhecord.de\/?page_id=1454","title":{"rendered":"Kontakt"},"content":{"rendered":"\t\t<div data-elementor-type=\"wp-page\" data-elementor-id=\"1454\" class=\"elementor elementor-1454\">\n\t\t\t\t<div class=\"elementor-element elementor-element-7bf47ac e-flex e-con-boxed e-con e-parent\" data-id=\"7bf47ac\" data-element_type=\"container\" data-settings=\"{&quot;background_background&quot;:&quot;classic&quot;}\">\n\t\t\t\t\t<div class=\"e-con-inner\">\n\t\t<div class=\"elementor-element elementor-element-5f4591a e-con-full e-flex e-con e-child\" data-id=\"5f4591a\" data-element_type=\"container\">\n\t\t\t\t<div class=\"elementor-element elementor-element-d7de053 elementor-widget__width-initial elementor-widget-mobile__width-initial elementor-widget-tablet__width-initial elementor-widget elementor-widget-text-editor\" data-id=\"d7de053\" data-element_type=\"widget\" data-widget_type=\"text-editor.default\">\n\t\t\t\t<div class=\"elementor-widget-container\">\n\t\t\t\t\t\t\t\t\t<p style=\"text-align: left;\">Sie haben eine Frage?<br \/><span style=\"color: #ffffff;\">Kontaktieren Sie uns!<\/span><\/p>\t\t\t\t\t\t\t\t<\/div>\n\t\t\t\t<\/div>\n\t\t\t\t<\/div>\n\t\t\t\t\t<\/div>\n\t\t\t\t<\/div>\n\t\t<div class=\"elementor-element elementor-element-c7118c1 e-con-full e-flex e-con e-parent\" data-id=\"c7118c1\" data-element_type=\"container\">\n\t\t<div class=\"elementor-element elementor-element-5822bd3 e-con-full e-flex e-con e-child\" data-id=\"5822bd3\" data-element_type=\"container\">\n\t\t\t\t<div class=\"elementor-element elementor-element-daa48b9 elementor-widget__width-initial elementor-widget elementor-widget-heading\" data-id=\"daa48b9\" data-element_type=\"widget\" data-widget_type=\"heading.default\">\n\t\t\t\t<div class=\"elementor-widget-container\">\n\t\t\t\t\t<h2 class=\"elementor-heading-title elementor-size-default\">F\u00dcR BEHANDLER:INNEN\nUND PATIENT:INNEN<\/h2>\t\t\t\t<\/div>\n\t\t\t\t<\/div>\n\t\t\t\t<div class=\"elementor-element elementor-element-73728c0 elementor-widget elementor-widget-text-editor\" data-id=\"73728c0\" data-element_type=\"widget\" data-widget_type=\"text-editor.default\">\n\t\t\t\t<div class=\"elementor-widget-container\">\n\t\t\t\t\t\t\t\t\t<p>Sie ben\u00f6tigen Hilfe oder haben Fragen rund um die Installation von RheCORD?<br \/>Sie interessieren sich f\u00fcr das Produkt?<\/p><p><strong>Dann nutzen Sie das Kontaktformular oder kontaktieren Sie uns unter:<\/strong><\/p>\t\t\t\t\t\t\t\t<\/div>\n\t\t\t\t<\/div>\n\t\t\t\t<\/div>\n\t\t<div class=\"elementor-element elementor-element-3e662a3 e-con-full e-flex e-con e-child\" data-id=\"3e662a3\" data-element_type=\"container\">\n\t\t<div class=\"elementor-element elementor-element-0967735 e-con-full e-flex e-con e-child\" data-id=\"0967735\" data-element_type=\"container\">\n\t\t\t\t<div class=\"elementor-element elementor-element-0b2ad31 elementor-align-justify elementor-widget elementor-widget-button\" data-id=\"0b2ad31\" data-element_type=\"widget\" data-widget_type=\"button.default\">\n\t\t\t\t<div class=\"elementor-widget-container\">\n\t\t\t\t\t\t\t\t\t<div class=\"elementor-button-wrapper\">\n\t\t\t\t\t<a class=\"elementor-button elementor-button-link elementor-size-sm elementor-animation-grow\" href=\"tel:02236%2033%2066%20550\">\n\t\t\t\t\t\t<span class=\"elementor-button-content-wrapper\">\n\t\t\t\t\t\t<span class=\"elementor-button-icon\">\n\t\t\t\t<svg xmlns=\"http:\/\/www.w3.org\/2000\/svg\" xmlns:xlink=\"http:\/\/www.w3.org\/1999\/xlink\" fill=\"#000000\" height=\"800px\" width=\"800px\" id=\"Capa_1\" viewBox=\"0 0 473.806 473.806\" xml:space=\"preserve\"><g>\t<g>\t\t<path d=\"M374.456,293.506c-9.7-10.1-21.4-15.5-33.8-15.5c-12.3,0-24.1,5.3-34.2,15.4l-31.6,31.5c-2.6-1.4-5.2-2.7-7.7-4   c-3.6-1.8-7-3.5-9.9-5.3c-29.6-18.8-56.5-43.3-82.3-75c-12.5-15.8-20.9-29.1-27-42.6c8.2-7.5,15.8-15.3,23.2-22.8   c2.8-2.8,5.6-5.7,8.4-8.5c21-21,21-48.2,0-69.2l-27.3-27.3c-3.1-3.1-6.3-6.3-9.3-9.5c-6-6.2-12.3-12.6-18.8-18.6   c-9.7-9.6-21.3-14.7-33.5-14.7s-24,5.1-34,14.7c-0.1,0.1-0.1,0.1-0.2,0.2l-34,34.3c-12.8,12.8-20.1,28.4-21.7,46.5   c-2.4,29.2,6.2,56.4,12.8,74.2c16.2,43.7,40.4,84.2,76.5,127.6c43.8,52.3,96.5,93.6,156.7,122.7c23,10.9,53.7,23.8,88,26   c2.1,0.1,4.3,0.2,6.3,0.2c23.1,0,42.5-8.3,57.7-24.8c0.1-0.2,0.3-0.3,0.4-0.5c5.2-6.3,11.2-12,17.5-18.1c4.3-4.1,8.7-8.4,13-12.9   c9.9-10.3,15.1-22.3,15.1-34.6c0-12.4-5.3-24.3-15.4-34.3L374.456,293.506z M410.256,398.806   C410.156,398.806,410.156,398.906,410.256,398.806c-3.9,4.2-7.9,8-12.2,12.2c-6.5,6.2-13.1,12.7-19.3,20   c-10.1,10.8-22,15.9-37.6,15.9c-1.5,0-3.1,0-4.6-0.1c-29.7-1.9-57.3-13.5-78-23.4c-56.6-27.4-106.3-66.3-147.6-115.6   c-34.1-41.1-56.9-79.1-72-119.9c-9.3-24.9-12.7-44.3-11.2-62.6c1-11.7,5.5-21.4,13.8-29.7l34.1-34.1c4.9-4.6,10.1-7.1,15.2-7.1   c6.3,0,11.4,3.8,14.6,7c0.1,0.1,0.2,0.2,0.3,0.3c6.1,5.7,11.9,11.6,18,17.9c3.1,3.2,6.3,6.4,9.5,9.7l27.3,27.3   c10.6,10.6,10.6,20.4,0,31c-2.9,2.9-5.7,5.8-8.6,8.6c-8.4,8.6-16.4,16.6-25.1,24.4c-0.2,0.2-0.4,0.3-0.5,0.5   c-8.6,8.6-7,17-5.2,22.7c0.1,0.3,0.2,0.6,0.3,0.9c7.1,17.2,17.1,33.4,32.3,52.7l0.1,0.1c27.6,34,56.7,60.5,88.8,80.8   c4.1,2.6,8.3,4.7,12.3,6.7c3.6,1.8,7,3.5,9.9,5.3c0.4,0.2,0.8,0.5,1.2,0.7c3.4,1.7,6.6,2.5,9.9,2.5c8.3,0,13.5-5.2,15.2-6.9   l34.2-34.2c3.4-3.4,8.8-7.5,15.1-7.5c6.2,0,11.3,3.9,14.4,7.3c0.1,0.1,0.1,0.1,0.2,0.2l55.1,55.1   C420.456,377.706,420.456,388.206,410.256,398.806z\"><\/path>\t\t<path d=\"M256.056,112.706c26.2,4.4,50,16.8,69,35.8s31.3,42.8,35.8,69c1.1,6.6,6.8,11.2,13.3,11.2c0.8,0,1.5-0.1,2.3-0.2   c7.4-1.2,12.3-8.2,11.1-15.6c-5.4-31.7-20.4-60.6-43.3-83.5s-51.8-37.9-83.5-43.3c-7.4-1.2-14.3,3.7-15.6,11   S248.656,111.506,256.056,112.706z\"><\/path>\t\t<path d=\"M473.256,209.006c-8.9-52.2-33.5-99.7-71.3-137.5s-85.3-62.4-137.5-71.3c-7.3-1.3-14.2,3.7-15.5,11   c-1.2,7.4,3.7,14.3,11.1,15.6c46.6,7.9,89.1,30,122.9,63.7c33.8,33.8,55.8,76.3,63.7,122.9c1.1,6.6,6.8,11.2,13.3,11.2   c0.8,0,1.5-0.1,2.3-0.2C469.556,223.306,474.556,216.306,473.256,209.006z\"><\/path>\t<\/g><\/g><\/svg>\t\t\t<\/span>\n\t\t\t\t\t\t\t\t\t<span class=\"elementor-button-text\">02236 33 66 550<\/span>\n\t\t\t\t\t<\/span>\n\t\t\t\t\t<\/a>\n\t\t\t\t<\/div>\n\t\t\t\t\t\t\t\t<\/div>\n\t\t\t\t<\/div>\n\t\t\t\t<\/div>\n\t\t<div class=\"elementor-element elementor-element-7c767d1 e-con-full e-flex e-con e-child\" data-id=\"7c767d1\" data-element_type=\"container\">\n\t\t\t\t<div class=\"elementor-element elementor-element-d033ad4 elementor-align-justify elementor-widget__width-inherit elementor-widget elementor-widget-button\" data-id=\"d033ad4\" data-element_type=\"widget\" data-widget_type=\"button.default\">\n\t\t\t\t<div class=\"elementor-widget-container\">\n\t\t\t\t\t\t\t\t\t<div class=\"elementor-button-wrapper\">\n\t\t\t\t\t<a class=\"elementor-button elementor-button-link elementor-size-sm elementor-animation-grow\" href=\"mailto:info@rhecord.de\">\n\t\t\t\t\t\t<span class=\"elementor-button-content-wrapper\">\n\t\t\t\t\t\t<span class=\"elementor-button-icon\">\n\t\t\t\t<svg xmlns=\"http:\/\/www.w3.org\/2000\/svg\" width=\"800px\" height=\"800px\" viewBox=\"0 0 24 24\" fill=\"none\"><path d=\"M4 7.00005L10.2 11.65C11.2667 12.45 12.7333 12.45 13.8 11.65L20 7\" stroke=\"#000000\" stroke-width=\"2\" stroke-linecap=\"round\" stroke-linejoin=\"round\"><\/path><rect x=\"3\" y=\"5\" width=\"18\" height=\"14\" rx=\"2\" stroke=\"#000000\" stroke-width=\"2\" stroke-linecap=\"round\"><\/rect><\/svg>\t\t\t<\/span>\n\t\t\t\t\t\t\t\t\t<span class=\"elementor-button-text\">info@rhecord.de<\/span>\n\t\t\t\t\t<\/span>\n\t\t\t\t\t<\/a>\n\t\t\t\t<\/div>\n\t\t\t\t\t\t\t\t<\/div>\n\t\t\t\t<\/div>\n\t\t\t\t<\/div>\n\t\t\t\t<\/div>\n\t\t\t\t<\/div>\n\t\t<div class=\"elementor-element elementor-element-4af21de e-flex e-con-boxed e-con e-parent\" data-id=\"4af21de\" data-element_type=\"container\" data-settings=\"{&quot;background_background&quot;:&quot;classic&quot;}\">\n\t\t\t\t\t<div class=\"e-con-inner\">\n\t\t<div class=\"elementor-element elementor-element-5d194cc e-con-full e-flex e-con e-child\" data-id=\"5d194cc\" data-element_type=\"container\" data-settings=\"{&quot;background_background&quot;:&quot;classic&quot;}\">\n\t\t\t\t<div class=\"elementor-element elementor-element-5c3a36e elementor-widget elementor-widget-wpforms\" data-id=\"5c3a36e\" data-element_type=\"widget\" data-widget_type=\"wpforms.default\">\n\t\t\t\t<div class=\"elementor-widget-container\">\n\t\t\t\t\t<div class=\"wpforms-container wpforms-render-modern\" id=\"wpforms-70\"><form id=\"wpforms-form-70\" class=\"wpforms-validate wpforms-form\" data-formid=\"70\" method=\"post\" enctype=\"multipart\/form-data\" action=\"\/index.php?rest_route=%2Fwp%2Fv2%2Fpages%2F1454\" data-token=\"8b80d5ff0d003389e3f65e62d5677949\" data-token-time=\"1777639790\"><div class=\"wpforms-head-container\"><div class=\"wpforms-title\">Kontaktformular<\/div><\/div><noscript class=\"wpforms-error-noscript\">Bitte aktiviere JavaScript in deinem Browser, um dieses Formular fertigzustellen.<\/noscript><div id=\"wpforms-error-noscript\" style=\"display: none;\">Bitte aktiviere JavaScript in deinem Browser, um dieses Formular fertigzustellen.<\/div><div class=\"wpforms-field-container\"><div id=\"wpforms-70-field_14-container\" class=\"wpforms-field wpforms-field-radio\" data-field-id=\"14\"><fieldset><legend class=\"wpforms-field-label\">Sie interessieren sich f\u00fcr das Produkt RheCORD? <\/legend><ul id=\"wpforms-70-field_14\"><li class=\"choice-1 depth-1\"><input type=\"radio\" id=\"wpforms-70-field_14_1\" name=\"wpforms[fields][14]\" value=\"Patient:in\" aria-errormessage=\"wpforms-70-field_14_1-error\"  ><label class=\"wpforms-field-label-inline\" for=\"wpforms-70-field_14_1\">Patient:in<\/label><\/li><li class=\"choice-2 depth-1\"><input type=\"radio\" id=\"wpforms-70-field_14_2\" name=\"wpforms[fields][14]\" value=\"Behandler:in\" aria-errormessage=\"wpforms-70-field_14_2-error\"  ><label class=\"wpforms-field-label-inline\" for=\"wpforms-70-field_14_2\">Behandler:in<\/label><\/li><\/ul><\/fieldset><\/div><div id=\"wpforms-70-field_0-container\" class=\"wpforms-field wpforms-field-name\" data-field-id=\"0\"><label class=\"wpforms-field-label\" for=\"wpforms-70-field_0\">Titel<\/label><input type=\"text\" id=\"wpforms-70-field_0\" class=\"wpforms-field-large\" name=\"wpforms[fields][0]\" placeholder=\"Titel\" aria-errormessage=\"wpforms-70-field_0-error\" ><\/div>\t\t<div id=\"wpforms-70-field_3-container\"\n\t\t\tclass=\"wpforms-field wpforms-field-text\"\n\t\t\tdata-field-type=\"text\"\n\t\t\tdata-field-id=\"3\"\n\t\t\t>\n\t\t\t<label class=\"wpforms-field-label\" for=\"wpforms-70-field_3\" >Telefon Nachricht RheCORD?<\/label>\n\t\t\t<input type=\"text\" id=\"wpforms-70-field_3\" class=\"wpforms-field-medium\" name=\"wpforms[fields][3]\" >\n\t\t<\/div>\n\t\t<div id=\"wpforms-70-field_6-container\" class=\"wpforms-field wpforms-field-name\" data-field-id=\"6\"><label class=\"wpforms-field-label\" for=\"wpforms-70-field_6\">Vorname <span class=\"wpforms-required-label\" aria-hidden=\"true\">*<\/span><\/label><input type=\"text\" id=\"wpforms-70-field_6\" class=\"wpforms-field-large wpforms-field-required\" name=\"wpforms[fields][6]\" placeholder=\"Vorname\" aria-errormessage=\"wpforms-70-field_6-error\" required><\/div><div id=\"wpforms-70-field_7-container\" class=\"wpforms-field wpforms-field-name\" data-field-id=\"7\"><label class=\"wpforms-field-label\" for=\"wpforms-70-field_7\">Name <span class=\"wpforms-required-label\" aria-hidden=\"true\">*<\/span><\/label><input type=\"text\" id=\"wpforms-70-field_7\" class=\"wpforms-field-large wpforms-field-required\" name=\"wpforms[fields][7]\" placeholder=\"Name\" aria-errormessage=\"wpforms-70-field_7-error\" required><\/div><div id=\"wpforms-70-field_8-container\" class=\"wpforms-field wpforms-field-name\" data-field-id=\"8\"><label class=\"wpforms-field-label\" for=\"wpforms-70-field_8\">Telefon <span class=\"wpforms-required-label\" aria-hidden=\"true\">*<\/span><\/label><input type=\"text\" id=\"wpforms-70-field_8\" class=\"wpforms-field-large wpforms-field-required\" name=\"wpforms[fields][8]\" placeholder=\"Telefon\" aria-errormessage=\"wpforms-70-field_8-error\" required><\/div><div id=\"wpforms-70-field_1-container\" class=\"wpforms-field wpforms-field-email\" data-field-id=\"1\"><label class=\"wpforms-field-label\" for=\"wpforms-70-field_1\">E-Mail <span class=\"wpforms-required-label\" aria-hidden=\"true\">*<\/span><\/label><input type=\"email\" id=\"wpforms-70-field_1\" class=\"wpforms-field-large wpforms-field-required\" name=\"wpforms[fields][1]\" placeholder=\"Email Address\" spellcheck=\"false\" aria-errormessage=\"wpforms-70-field_1-error\" required><\/div><div id=\"wpforms-70-field_9-container\" class=\"wpforms-field wpforms-field-name\" data-field-id=\"9\"><label class=\"wpforms-field-label\" for=\"wpforms-70-field_9\">Praxis<\/label><input type=\"text\" id=\"wpforms-70-field_9\" class=\"wpforms-field-large\" name=\"wpforms[fields][9]\" placeholder=\"Praxis\" aria-errormessage=\"wpforms-70-field_9-error\" ><\/div><div id=\"wpforms-70-field_2-container\" class=\"wpforms-field wpforms-field-textarea\" data-field-id=\"2\"><label class=\"wpforms-field-label\" for=\"wpforms-70-field_2\">Nachricht <span class=\"wpforms-required-label\" aria-hidden=\"true\">*<\/span><\/label><textarea id=\"wpforms-70-field_2\" class=\"wpforms-field-medium wpforms-field-required\" name=\"wpforms[fields][2]\" placeholder=\"Nachricht\" aria-errormessage=\"wpforms-70-field_2-error\" required><\/textarea><\/div><script>\n\t\t\t\t( function() {\n\t\t\t\t\tconst style = document.createElement( 'style' );\n\t\t\t\t\tstyle.appendChild( document.createTextNode( '#wpforms-70-field_3-container { position: absolute !important; overflow: hidden !important; display: inline !important; height: 1px !important; width: 1px !important; z-index: -1000 !important; padding: 0 !important; } #wpforms-70-field_3-container input { visibility: hidden; } #wpforms-conversational-form-page #wpforms-70-field_3-container label { counter-increment: none; }' ) );\n\t\t\t\t\tdocument.head.appendChild( style );\n\t\t\t\t\tdocument.currentScript?.remove();\n\t\t\t\t} )();\n\t\t\t<\/script><\/div><!-- .wpforms-field-container --><div class=\"wpforms-submit-container\" ><input type=\"hidden\" name=\"wpforms[id]\" value=\"70\"><input type=\"hidden\" name=\"page_title\" value=\"\"><input type=\"hidden\" name=\"page_url\" value=\"https:\/\/rhecord.de\/index.php?rest_route=\/wp\/v2\/pages\/1454\"><input type=\"hidden\" name=\"url_referer\" value=\"\"><button type=\"submit\" name=\"wpforms[submit]\" id=\"wpforms-submit-70\" class=\"wpforms-submit\" data-alt-text=\"Sending...\" data-submit-text=\"Anfrage senden\" aria-live=\"assertive\" value=\"wpforms-submit\">Anfrage senden<\/button><\/div><\/form><\/div>  <!-- .wpforms-container -->\t\t\t\t<\/div>\n\t\t\t\t<\/div>\n\t\t\t\t<\/div>\n\t\t\t\t\t<\/div>\n\t\t\t\t<\/div>\n\t\t\t\t<\/div>\n\t\t","protected":false},"excerpt":{"rendered":"<p>Sie haben eine Frage?Kontaktieren Sie uns! F\u00dcR BEHANDLER:INNEN UND PATIENT:INNEN Sie ben\u00f6tigen Hilfe oder haben Fragen rund um die Installation von RheCORD?Sie interessieren sich f\u00fcr das Produkt? Dann nutzen Sie das Kontaktformular oder kontaktieren Sie uns unter: 02236 33 66 550 info@rhecord.de KontaktformularBitte aktiviere JavaScript in deinem Browser, um dieses Formular fertigzustellen.Bitte aktiviere JavaScript in [&hellip;]<\/p>\n","protected":false},"author":3,"featured_media":0,"parent":0,"menu_order":0,"comment_status":"closed","ping_status":"closed","template":"","meta":{"_uag_custom_page_level_css":"","site-sidebar-layout":"no-sidebar","site-content-layout":"page-builder","ast-site-content-layout":"full-width-container","site-content-style":"unboxed","site-sidebar-style":"unboxed","ast-global-header-display":"","ast-banner-title-visibility":"","ast-main-header-display":"","ast-hfb-above-header-display":"","ast-hfb-below-header-display":"","ast-hfb-mobile-header-display":"","site-post-title":"disabled","ast-breadcrumbs-content":"","ast-featured-img":"disabled","footer-sml-layout":"","theme-transparent-header-meta":"","adv-header-id-meta":"","stick-header-meta":"","header-above-stick-meta":"","header-main-stick-meta":"","header-below-stick-meta":"","astra-migrate-meta-layouts":"set","ast-page-background-enabled":"default","ast-page-background-meta":{"desktop":{"background-color":"","background-image":"","background-repeat":"repeat","background-position":"center center","background-size":"auto","background-attachment":"scroll","background-type":"","background-media":"","overlay-type":"","overlay-color":"","overlay-opacity":"","overlay-gradient":""},"tablet":{"background-color":"","background-image":"","background-repeat":"repeat","background-position":"center center","background-size":"auto","background-attachment":"scroll","background-type":"","background-media":"","overlay-type":"","overlay-color":"","overlay-opacity":"","overlay-gradient":""},"mobile":{"background-color":"","background-image":"","background-repeat":"repeat","background-position":"center center","background-size":"auto","background-attachment":"scroll","background-type":"","background-media":"","overlay-type":"","overlay-color":"","overlay-opacity":"","overlay-gradient":""}},"ast-content-background-meta":{"desktop":{"background-color":"var(--ast-global-color-5)","background-image":"","background-repeat":"repeat","background-position":"center center","background-size":"auto","background-attachment":"scroll","background-type":"","background-media":"","overlay-type":"","overlay-color":"","overlay-opacity":"","overlay-gradient":""},"tablet":{"background-color":"var(--ast-global-color-5)","background-image":"","background-repeat":"repeat","background-position":"center center","background-size":"auto","background-attachment":"scroll","background-type":"","background-media":"","overlay-type":"","overlay-color":"","overlay-opacity":"","overlay-gradient":""},"mobile":{"background-color":"var(--ast-global-color-5)","background-image":"","background-repeat":"repeat","background-position":"center center","background-size":"auto","background-attachment":"scroll","background-type":"","background-media":"","overlay-type":"","overlay-color":"","overlay-opacity":"","overlay-gradient":""}},"footnotes":""},"class_list":["post-1454","page","type-page","status-publish","hentry"],"uagb_featured_image_src":{"full":false,"thumbnail":false,"medium":false,"medium_large":false,"large":false,"1536x1536":false,"2048x2048":false},"uagb_author_info":{"display_name":"Jana Klennert","author_link":"https:\/\/rhecord.de\/?author=3"},"uagb_comment_info":0,"uagb_excerpt":"Sie haben eine Frage?Kontaktieren Sie uns! F\u00dcR BEHANDLER:INNEN UND PATIENT:INNEN Sie ben\u00f6tigen Hilfe oder haben Fragen rund um die Installation von RheCORD?Sie interessieren sich f\u00fcr das Produkt? Dann nutzen Sie das Kontaktformular oder kontaktieren Sie uns unter: 02236 33 66 550 info@rhecord.de KontaktformularBitte aktiviere JavaScript in deinem Browser, um dieses Formular fertigzustellen.Bitte aktiviere JavaScript in&hellip;","_links":{"self":[{"href":"https:\/\/rhecord.de\/index.php?rest_route=\/wp\/v2\/pages\/1454","targetHints":{"allow":["GET"]}}],"collection":[{"href":"https:\/\/rhecord.de\/index.php?rest_route=\/wp\/v2\/pages"}],"about":[{"href":"https:\/\/rhecord.de\/index.php?rest_route=\/wp\/v2\/types\/page"}],"author":[{"embeddable":true,"href":"https:\/\/rhecord.de\/index.php?rest_route=\/wp\/v2\/users\/3"}],"replies":[{"embeddable":true,"href":"https:\/\/rhecord.de\/index.php?rest_route=%2Fwp%2Fv2%2Fcomments&post=1454"}],"version-history":[{"count":68,"href":"https:\/\/rhecord.de\/index.php?rest_route=\/wp\/v2\/pages\/1454\/revisions"}],"predecessor-version":[{"id":2327,"href":"https:\/\/rhecord.de\/index.php?rest_route=\/wp\/v2\/pages\/1454\/revisions\/2327"}],"wp:attachment":[{"href":"https:\/\/rhecord.de\/index.php?rest_route=%2Fwp%2Fv2%2Fmedia&parent=1454"}],"curies":[{"name":"wp","href":"https:\/\/api.w.org\/{rel}","templated":true}]}}