{"id":1348,"date":"2025-07-03T11:31:25","date_gmt":"2025-07-03T09:31:25","guid":{"rendered":"https:\/\/rhecord.de\/?page_id=1348"},"modified":"2026-01-19T14:46:52","modified_gmt":"2026-01-19T13:46:52","slug":"home-neu","status":"publish","type":"page","link":"https:\/\/rhecord.de\/","title":{"rendered":"Home"},"content":{"rendered":"\t\t<div data-elementor-type=\"wp-page\" data-elementor-id=\"1348\" class=\"elementor elementor-1348\">\n\t\t\t\t<div class=\"elementor-element elementor-element-2b62166 e-flex e-con-boxed e-con e-parent\" data-id=\"2b62166\" data-element_type=\"container\" data-settings=\"{&quot;background_background&quot;:&quot;classic&quot;}\">\n\t\t\t\t\t<div class=\"e-con-inner\">\n\t\t<div class=\"elementor-element elementor-element-e3206a5 e-con-full e-flex e-con e-child\" data-id=\"e3206a5\" data-element_type=\"container\">\n\t\t\t\t<div class=\"elementor-element elementor-element-473d16c elementor-widget elementor-widget-text-editor\" data-id=\"473d16c\" data-element_type=\"widget\" data-widget_type=\"text-editor.default\">\n\t\t\t\t<div class=\"elementor-widget-container\">\n\t\t\t\t\t\t\t\t\t<p style=\"text-align: center;\"><span style=\"color: #ffffff;\"><strong>RheCORD<\/strong><\/span><br \/><span style=\"color: #515e61;\"><strong>Leichter durch&#8217;s Leben mit Rheuma<\/strong><\/span><\/p>\t\t\t\t\t\t\t\t<\/div>\n\t\t\t\t<\/div>\n\t\t\t\t<div class=\"elementor-element elementor-element-6fe25de elementor-widget elementor-widget-text-editor\" data-id=\"6fe25de\" data-element_type=\"widget\" data-widget_type=\"text-editor.default\">\n\t\t\t\t<div class=\"elementor-widget-container\">\n\t\t\t\t\t\t\t\t\t<p style=\"text-align: center;\"><strong>Viele rheumatische Erkrankungen \u2013 <span style=\"color: #ffffff;\">Eine<\/span> L\u00f6sung<\/strong><\/p><p style=\"text-align: center;\">RheCORD ist eine digitale Anwendung, die Menschen hilft, mit ihren rheumatischen Erkrankungen zu leben.<\/p>\t\t\t\t\t\t\t\t<\/div>\n\t\t\t\t<\/div>\n\t\t<div class=\"elementor-element elementor-element-83557a2 e-con-full e-flex e-con e-child\" data-id=\"83557a2\" data-element_type=\"container\">\n\t\t\t\t<div class=\"elementor-element elementor-element-6cdd318 elementor-align-center elementor-widget elementor-widget-button\" data-id=\"6cdd318\" data-element_type=\"widget\" data-widget_type=\"button.default\">\n\t\t\t\t<div class=\"elementor-widget-container\">\n\t\t\t\t\t\t\t\t\t<div class=\"elementor-button-wrapper\">\n\t\t\t\t\t<a class=\"elementor-button elementor-button-link elementor-size-sm elementor-animation-grow\" href=\"https:\/\/rhecord.de\/?page_id=1246\">\n\t\t\t\t\t\t<span class=\"elementor-button-content-wrapper\">\n\t\t\t\t\t\t\t\t\t<span class=\"elementor-button-text\">Erfahren Sie mehr<\/span>\n\t\t\t\t\t<\/span>\n\t\t\t\t\t<\/a>\n\t\t\t\t<\/div>\n\t\t\t\t\t\t\t\t<\/div>\n\t\t\t\t<\/div>\n\t\t\t\t<\/div>\n\t\t\t\t<\/div>\n\t\t\t\t\t<\/div>\n\t\t\t\t<\/div>\n\t\t<div class=\"elementor-element elementor-element-13d641f e-flex e-con-boxed e-con e-parent\" data-id=\"13d641f\" data-element_type=\"container\" data-settings=\"{&quot;background_background&quot;:&quot;classic&quot;}\">\n\t\t\t\t\t<div class=\"e-con-inner\">\n\t\t<div class=\"elementor-element elementor-element-25d63c6 e-con-full e-flex e-con e-child\" data-id=\"25d63c6\" data-element_type=\"container\">\n\t\t\t\t<div class=\"elementor-element elementor-element-734960d elementor-widget elementor-widget-heading\" data-id=\"734960d\" data-element_type=\"widget\" data-widget_type=\"heading.default\">\n\t\t\t\t<div class=\"elementor-widget-container\">\n\t\t\t\t\t<h2 class=\"elementor-heading-title elementor-size-default\">RheCORD - Digital verbunden, besser versorgt. <\/h2>\t\t\t\t<\/div>\n\t\t\t\t<\/div>\n\t\t\t\t<div class=\"elementor-element elementor-element-ad25f62 elementor-widget elementor-widget-text-editor\" data-id=\"ad25f62\" data-element_type=\"widget\" data-widget_type=\"text-editor.default\">\n\t\t\t\t<div class=\"elementor-widget-container\">\n\t\t\t\t\t\t\t\t\t<p style=\"text-align: center;\"><strong>RheCORD ist ein digitales Rheuma-Management f\u00fcr Patient:innen mit rheumatischen Erkrankungen und deren Behandler:innen.<\/strong><\/p><p style=\"text-align: center;\">Die App hilft Patient:innen bei Ihrem t\u00e4glichen Umgang mit ihrer rheumatischen Erkrankung und unterst\u00fctzt sie in ihrem Alltag. Praxis und Patient:in profitieren von einer optimalen Vernetzung und den Vorteilen der digitalen Funktionen von RheCORD.<\/p>\t\t\t\t\t\t\t\t<\/div>\n\t\t\t\t<\/div>\n\t\t\t\t<\/div>\n\t\t\t\t\t<\/div>\n\t\t\t\t<\/div>\n\t\t<div class=\"elementor-element elementor-element-f91d3ab e-flex e-con-boxed e-con e-parent\" data-id=\"f91d3ab\" data-element_type=\"container\" data-settings=\"{&quot;background_background&quot;:&quot;classic&quot;}\">\n\t\t\t\t\t<div class=\"e-con-inner\">\n\t\t<div class=\"elementor-element elementor-element-09aa5c1 e-con-full e-flex e-con e-child\" data-id=\"09aa5c1\" data-element_type=\"container\">\n\t\t<div class=\"elementor-element elementor-element-a9c8eeb e-con-full e-flex e-con e-child\" data-id=\"a9c8eeb\" data-element_type=\"container\">\n\t\t\t\t<div class=\"elementor-element elementor-element-64a0258 elementor-widget elementor-widget-heading\" data-id=\"64a0258\" data-element_type=\"widget\" data-widget_type=\"heading.default\">\n\t\t\t\t<div class=\"elementor-widget-container\">\n\t\t\t\t\t<h2 class=\"elementor-heading-title elementor-size-default\">Laden Sie sich jetzt die App herunter!<\/h2>\t\t\t\t<\/div>\n\t\t\t\t<\/div>\n\t\t\t\t<\/div>\n\t\t\t\t<\/div>\n\t\t\t\t\t<\/div>\n\t\t\t\t<\/div>\n\t\t<div class=\"elementor-element elementor-element-071c162 e-flex e-con-boxed e-con e-parent\" data-id=\"071c162\" data-element_type=\"container\" data-settings=\"{&quot;background_background&quot;:&quot;classic&quot;}\">\n\t\t\t\t\t<div class=\"e-con-inner\">\n\t\t<div class=\"elementor-element elementor-element-c146fd4 e-con-full e-flex e-con e-child\" data-id=\"c146fd4\" data-element_type=\"container\">\n\t\t<div class=\"elementor-element elementor-element-140897d e-con-full e-flex e-con e-child\" data-id=\"140897d\" data-element_type=\"container\">\n\t\t\t\t<div class=\"elementor-element elementor-element-779c6dd elementor-widget elementor-widget-heading\" data-id=\"779c6dd\" data-element_type=\"widget\" data-widget_type=\"heading.default\">\n\t\t\t\t<div class=\"elementor-widget-container\">\n\t\t\t\t\t<h2 class=\"elementor-heading-title elementor-size-default\">RheCORD<\/h2>\t\t\t\t<\/div>\n\t\t\t\t<\/div>\n\t\t\t\t<div class=\"elementor-element elementor-element-677b19e elementor-widget elementor-widget-text-editor\" data-id=\"677b19e\" data-element_type=\"widget\" data-widget_type=\"text-editor.default\">\n\t\t\t\t<div class=\"elementor-widget-container\">\n\t\t\t\t\t\t\t\t\t<p><strong>RheCORD<\/strong> ist die Patienten-App mit <strong>erweitertem Funktionsumfang<\/strong> zur Teilnahme an innovativen Versorgungsmodellen durch Ihre Krankenkasse. Wenn Ihre Krankenkasse teilnimmt, laden Sie sich <strong>RheCORD<\/strong> hier herunter und profitieren Sie von umfangreichen Funktionen wie Selbstmanagement und Bewegungs\u00fcbungen. <em>Weitere Informationen zur Teilnahme k\u00f6nnen Sie <span style=\"text-decoration: underline;\">hier<\/span> nachlesen.<\/em><\/p><p>Sie m\u00f6chten RheCORD auch ohne Ihre Krankenkasse nutzen? Probieren Sie <strong>RheCORD basic<\/strong> aus!<\/p>\t\t\t\t\t\t\t\t<\/div>\n\t\t\t\t<\/div>\n\t\t<div class=\"elementor-element elementor-element-85c395e e-con-full e-flex e-con e-child\" data-id=\"85c395e\" data-element_type=\"container\">\n\t\t<div class=\"elementor-element elementor-element-7fe1db2 e-con-full e-flex e-con e-child\" data-id=\"7fe1db2\" data-element_type=\"container\">\n\t\t\t\t<div class=\"elementor-element elementor-element-0690f43 elementor-align-justify elementor-widget elementor-widget-button\" data-id=\"0690f43\" data-element_type=\"widget\" data-widget_type=\"button.default\">\n\t\t\t\t<div class=\"elementor-widget-container\">\n\t\t\t\t\t\t\t\t\t<div class=\"elementor-button-wrapper\">\n\t\t\t\t\t<a class=\"elementor-button elementor-button-link elementor-size-sm elementor-animation-grow\" href=\"https:\/\/apps.apple.com\/de\/app\/rhecord\/id6748456561\" target=\"_blank\">\n\t\t\t\t\t\t<span class=\"elementor-button-content-wrapper\">\n\t\t\t\t\t\t<span class=\"elementor-button-icon\">\n\t\t\t\t<i aria-hidden=\"true\" class=\"fab fa-app-store\"><\/i>\t\t\t<\/span>\n\t\t\t\t\t\t\t\t\t<span class=\"elementor-button-text\">Apple App Store<\/span>\n\t\t\t\t\t<\/span>\n\t\t\t\t\t<\/a>\n\t\t\t\t<\/div>\n\t\t\t\t\t\t\t\t<\/div>\n\t\t\t\t<\/div>\n\t\t\t\t<\/div>\n\t\t<div class=\"elementor-element elementor-element-c00adf7 e-con-full e-flex e-con e-child\" data-id=\"c00adf7\" data-element_type=\"container\">\n\t\t\t\t<div class=\"elementor-element elementor-element-f9952fc elementor-align-justify elementor-widget elementor-widget-button\" data-id=\"f9952fc\" data-element_type=\"widget\" data-widget_type=\"button.default\">\n\t\t\t\t<div class=\"elementor-widget-container\">\n\t\t\t\t\t\t\t\t\t<div class=\"elementor-button-wrapper\">\n\t\t\t\t\t<a class=\"elementor-button elementor-button-link elementor-size-sm elementor-animation-grow\" href=\"https:\/\/play.google.com\/store\/apps\/details?id=de.starhealthcare.rhecordkrankenkasse\" target=\"_blank\">\n\t\t\t\t\t\t<span class=\"elementor-button-content-wrapper\">\n\t\t\t\t\t\t<span class=\"elementor-button-icon\">\n\t\t\t\t<i aria-hidden=\"true\" class=\"fab fa-google-play\"><\/i>\t\t\t<\/span>\n\t\t\t\t\t\t\t\t\t<span class=\"elementor-button-text\">Google Play<\/span>\n\t\t\t\t\t<\/span>\n\t\t\t\t\t<\/a>\n\t\t\t\t<\/div>\n\t\t\t\t\t\t\t\t<\/div>\n\t\t\t\t<\/div>\n\t\t\t\t<\/div>\n\t\t\t\t<\/div>\n\t\t\t\t<\/div>\n\t\t\t\t<\/div>\n\t\t<div class=\"elementor-element elementor-element-c69daa7 e-con-full e-flex e-con e-child\" data-id=\"c69daa7\" data-element_type=\"container\" data-settings=\"{&quot;background_background&quot;:&quot;classic&quot;}\">\n\t\t\t\t<\/div>\n\t\t\t\t\t<\/div>\n\t\t\t\t<\/div>\n\t\t<div class=\"elementor-element elementor-element-7b37a87 e-flex e-con-boxed e-con e-parent\" data-id=\"7b37a87\" data-element_type=\"container\" data-settings=\"{&quot;background_background&quot;:&quot;classic&quot;}\">\n\t\t\t\t\t<div class=\"e-con-inner\">\n\t\t<div class=\"elementor-element elementor-element-5837bc5 e-con-full e-flex e-con e-child\" data-id=\"5837bc5\" data-element_type=\"container\" data-settings=\"{&quot;background_background&quot;:&quot;classic&quot;}\">\n\t\t\t\t<\/div>\n\t\t<div class=\"elementor-element elementor-element-33a3884 e-con-full e-flex e-con e-child\" data-id=\"33a3884\" data-element_type=\"container\">\n\t\t<div class=\"elementor-element elementor-element-66e534d e-con-full e-flex e-con e-child\" data-id=\"66e534d\" data-element_type=\"container\">\n\t\t\t\t<div class=\"elementor-element elementor-element-9635565 elementor-widget elementor-widget-heading\" data-id=\"9635565\" data-element_type=\"widget\" data-widget_type=\"heading.default\">\n\t\t\t\t<div class=\"elementor-widget-container\">\n\t\t\t\t\t<h2 class=\"elementor-heading-title elementor-size-default\">RheCORD basic<\/h2>\t\t\t\t<\/div>\n\t\t\t\t<\/div>\n\t\t\t\t<div class=\"elementor-element elementor-element-94647d2 elementor-widget__width-initial elementor-widget elementor-widget-text-editor\" data-id=\"94647d2\" data-element_type=\"widget\" data-widget_type=\"text-editor.default\">\n\t\t\t\t<div class=\"elementor-widget-container\">\n\t\t\t\t\t\t\t\t\t<p><strong>RheCORD basic<\/strong> ist die <strong>kostenlose Einstiegs-App<\/strong> mit allen Basis-Funktionalit\u00e4ten, die Sie f\u00fcr das Monitoring Ihrer rheumatischen Erkrankung ben\u00f6tigen.<\/p><p>Sie k\u00f6nnen sich mit Ihrer\/m Rheumatolog:in verbinden und das umf\u00e4ngliche Fragebogen-Tool, Datenversand an Ihre Praxis und viele weitere n\u00fctzliche Funktionen der App nutzen.<\/p><p><strong>Jetzt ausprobieren!<\/strong><\/p>\t\t\t\t\t\t\t\t<\/div>\n\t\t\t\t<\/div>\n\t\t<div class=\"elementor-element elementor-element-4df050c e-con-full e-flex e-con e-child\" data-id=\"4df050c\" data-element_type=\"container\">\n\t\t<div class=\"elementor-element elementor-element-54b6a73 e-con-full e-flex e-con e-child\" data-id=\"54b6a73\" data-element_type=\"container\">\n\t\t<div class=\"elementor-element elementor-element-0369305 e-con-full e-flex e-con e-child\" data-id=\"0369305\" data-element_type=\"container\">\n\t\t\t\t<div class=\"elementor-element elementor-element-4e4e195 elementor-align-justify elementor-widget elementor-widget-button\" data-id=\"4e4e195\" data-element_type=\"widget\" data-widget_type=\"button.default\">\n\t\t\t\t<div class=\"elementor-widget-container\">\n\t\t\t\t\t\t\t\t\t<div class=\"elementor-button-wrapper\">\n\t\t\t\t\t<a class=\"elementor-button elementor-button-link elementor-size-sm elementor-animation-grow\" href=\"https:\/\/apps.apple.com\/de\/app\/rhecord-basic\/id1516596995\" target=\"_blank\">\n\t\t\t\t\t\t<span class=\"elementor-button-content-wrapper\">\n\t\t\t\t\t\t<span class=\"elementor-button-icon\">\n\t\t\t\t<i aria-hidden=\"true\" class=\"fab fa-app-store\"><\/i>\t\t\t<\/span>\n\t\t\t\t\t\t\t\t\t<span class=\"elementor-button-text\">Apple App Store<\/span>\n\t\t\t\t\t<\/span>\n\t\t\t\t\t<\/a>\n\t\t\t\t<\/div>\n\t\t\t\t\t\t\t\t<\/div>\n\t\t\t\t<\/div>\n\t\t\t\t<\/div>\n\t\t<div class=\"elementor-element elementor-element-7b44128 e-con-full e-flex e-con e-child\" data-id=\"7b44128\" data-element_type=\"container\">\n\t\t\t\t<div class=\"elementor-element elementor-element-58385a5 elementor-align-justify elementor-widget elementor-widget-button\" data-id=\"58385a5\" data-element_type=\"widget\" data-widget_type=\"button.default\">\n\t\t\t\t<div class=\"elementor-widget-container\">\n\t\t\t\t\t\t\t\t\t<div class=\"elementor-button-wrapper\">\n\t\t\t\t\t<a class=\"elementor-button elementor-button-link elementor-size-sm elementor-animation-grow\" href=\"https:\/\/play.google.com\/store\/apps\/details?id=de.starhealthcare.rhecordhome&#038;hl=de\" target=\"_blank\">\n\t\t\t\t\t\t<span class=\"elementor-button-content-wrapper\">\n\t\t\t\t\t\t<span class=\"elementor-button-icon\">\n\t\t\t\t<i aria-hidden=\"true\" class=\"fab fa-google-play\"><\/i>\t\t\t<\/span>\n\t\t\t\t\t\t\t\t\t<span class=\"elementor-button-text\">Google Play<\/span>\n\t\t\t\t\t<\/span>\n\t\t\t\t\t<\/a>\n\t\t\t\t<\/div>\n\t\t\t\t\t\t\t\t<\/div>\n\t\t\t\t<\/div>\n\t\t\t\t<\/div>\n\t\t\t\t<\/div>\n\t\t\t\t<\/div>\n\t\t\t\t<\/div>\n\t\t\t\t<\/div>\n\t\t\t\t\t<\/div>\n\t\t\t\t<\/div>\n\t\t<div class=\"elementor-element elementor-element-d40978f e-flex e-con-boxed e-con e-parent\" data-id=\"d40978f\" data-element_type=\"container\" data-settings=\"{&quot;background_background&quot;:&quot;classic&quot;}\">\n\t\t\t\t\t<div class=\"e-con-inner\">\n\t\t\t\t<div class=\"elementor-element elementor-element-d64f040 elementor-widget elementor-widget-text-editor\" data-id=\"d64f040\" data-element_type=\"widget\" data-widget_type=\"text-editor.default\">\n\t\t\t\t<div class=\"elementor-widget-container\">\n\t\t\t\t\t\t\t\t\t<p style=\"text-align: center;\"><strong>Hinweis f\u00fcr Studien-Teilnehmer:innen mit <u>RheCORD PLUS<\/u>-Nutzung:<\/strong><\/p><p style=\"text-align: center;\">Die Studien-App RheCORD PLUS wird noch bis mindestens zur Beendigung der laufenden Studien unterst\u00fctzt und erh\u00e4lt, genau wie RheCORD und RheCORD basic, regelm\u00e4\u00dfige Updates. Wir informieren alle RheCORD PLUS-Nutzer:innen fr\u00fchzeitig, sobald die App nicht mehr unterst\u00fctzt wird und ein Wechsel zu RheCORD oder RheCORD basic (mit \u00dcbernahme der Daten) erforderlich wird.<\/p>\t\t\t\t\t\t\t\t<\/div>\n\t\t\t\t<\/div>\n\t\t\t\t\t<\/div>\n\t\t\t\t<\/div>\n\t\t<div class=\"elementor-element elementor-element-7b63ed0 e-flex e-con-boxed e-con e-parent\" data-id=\"7b63ed0\" data-element_type=\"container\" data-settings=\"{&quot;background_background&quot;:&quot;gradient&quot;}\">\n\t\t\t\t\t<div class=\"e-con-inner\">\n\t\t<div class=\"elementor-element elementor-element-c4bfe9f e-con-full e-flex e-con e-child\" data-id=\"c4bfe9f\" data-element_type=\"container\">\n\t\t\t\t<div class=\"elementor-element elementor-element-4bd7b61 elementor-widget elementor-widget-heading\" data-id=\"4bd7b61\" data-element_type=\"widget\" data-widget_type=\"heading.default\">\n\t\t\t\t<div class=\"elementor-widget-container\">\n\t\t\t\t\t<h2 class=\"elementor-heading-title elementor-size-default\">Hier geht es zu den RheCORD Erkl\u00e4rvideos<\/h2>\t\t\t\t<\/div>\n\t\t\t\t<\/div>\n\t\t\t\t<\/div>\n\t\t<div class=\"elementor-element elementor-element-ac52b82 e-con-full e-flex e-con e-child\" data-id=\"ac52b82\" data-element_type=\"container\">\n\t\t<div class=\"elementor-element elementor-element-37fb743 e-con-full e-flex e-con e-child\" data-id=\"37fb743\" data-element_type=\"container\">\n\t\t\t\t<div class=\"elementor-element elementor-element-a03642f elementor-widget elementor-widget-text-editor\" data-id=\"a03642f\" data-element_type=\"widget\" data-widget_type=\"text-editor.default\">\n\t\t\t\t<div class=\"elementor-widget-container\">\n\t\t\t\t\t\t\t\t\t<p><strong>RheCORD Erkl\u00e4rvideo f\u00fcr Patient:innen<\/strong><\/p>\t\t\t\t\t\t\t\t<\/div>\n\t\t\t\t<\/div>\n\t\t\t\t<div class=\"elementor-element elementor-element-ea507b9 elementor-align-center elementor-widget elementor-widget-button\" data-id=\"ea507b9\" data-element_type=\"widget\" data-widget_type=\"button.default\">\n\t\t\t\t<div class=\"elementor-widget-container\">\n\t\t\t\t\t\t\t\t\t<div class=\"elementor-button-wrapper\">\n\t\t\t\t\t<a class=\"elementor-button elementor-button-link elementor-size-sm elementor-animation-grow\" href=\"https:\/\/rhecord.de\/?page_id=1248#Patientenvideo\">\n\t\t\t\t\t\t<span class=\"elementor-button-content-wrapper\">\n\t\t\t\t\t\t<span class=\"elementor-button-icon\">\n\t\t\t\t<i aria-hidden=\"true\" class=\"fas fa-angle-right\"><\/i>\t\t\t<\/span>\n\t\t\t\t\t\t\t\t\t<span class=\"elementor-button-text\">Hier klicken<\/span>\n\t\t\t\t\t<\/span>\n\t\t\t\t\t<\/a>\n\t\t\t\t<\/div>\n\t\t\t\t\t\t\t\t<\/div>\n\t\t\t\t<\/div>\n\t\t\t\t<\/div>\n\t\t<div class=\"elementor-element elementor-element-7a79f3e e-con-full e-flex e-con e-child\" data-id=\"7a79f3e\" data-element_type=\"container\">\n\t\t\t\t<div class=\"elementor-element elementor-element-e4338fd elementor-widget elementor-widget-text-editor\" data-id=\"e4338fd\" data-element_type=\"widget\" data-widget_type=\"text-editor.default\">\n\t\t\t\t<div class=\"elementor-widget-container\">\n\t\t\t\t\t\t\t\t\t<p style=\"text-align: center;\"><strong>RheCORD Erkl\u00e4rvideo f\u00fcr Praxen und Fachkreise<\/strong><\/p>\t\t\t\t\t\t\t\t<\/div>\n\t\t\t\t<\/div>\n\t\t\t\t<div class=\"elementor-element elementor-element-5a425cc elementor-align-center elementor-widget elementor-widget-button\" data-id=\"5a425cc\" data-element_type=\"widget\" data-widget_type=\"button.default\">\n\t\t\t\t<div class=\"elementor-widget-container\">\n\t\t\t\t\t\t\t\t\t<div class=\"elementor-button-wrapper\">\n\t\t\t\t\t<a class=\"elementor-button elementor-button-link elementor-size-sm elementor-animation-grow\" href=\"https:\/\/rhecord.de\/?page_id=2045\">\n\t\t\t\t\t\t<span class=\"elementor-button-content-wrapper\">\n\t\t\t\t\t\t<span class=\"elementor-button-icon\">\n\t\t\t\t<i aria-hidden=\"true\" class=\"fas fa-angle-right\"><\/i>\t\t\t<\/span>\n\t\t\t\t\t\t\t\t\t<span class=\"elementor-button-text\">Hier klicken<\/span>\n\t\t\t\t\t<\/span>\n\t\t\t\t\t<\/a>\n\t\t\t\t<\/div>\n\t\t\t\t\t\t\t\t<\/div>\n\t\t\t\t<\/div>\n\t\t\t\t<\/div>\n\t\t\t\t<\/div>\n\t\t\t\t\t<\/div>\n\t\t\t\t<\/div>\n\t\t\t\t<\/div>\n\t\t","protected":false},"excerpt":{"rendered":"<p>RheCORDLeichter durch&#8217;s Leben mit Rheuma Viele rheumatische Erkrankungen \u2013 Eine L\u00f6sung RheCORD ist eine digitale Anwendung, die Menschen hilft, mit ihren rheumatischen Erkrankungen zu leben. Erfahren Sie mehr RheCORD &#8211; Digital verbunden, besser versorgt. RheCORD ist ein digitales Rheuma-Management f\u00fcr Patient:innen mit rheumatischen Erkrankungen und deren Behandler:innen. Die App hilft Patient:innen bei Ihrem t\u00e4glichen Umgang [&hellip;]<\/p>\n","protected":false},"author":4,"featured_media":0,"parent":0,"menu_order":0,"comment_status":"closed","ping_status":"closed","template":"","meta":{"_uag_custom_page_level_css":"","site-sidebar-layout":"no-sidebar","site-content-layout":"page-builder","ast-site-content-layout":"full-width-container","site-content-style":"default","site-sidebar-style":"default","ast-global-header-display":"","ast-banner-title-visibility":"","ast-main-header-display":"","ast-hfb-above-header-display":"","ast-hfb-below-header-display":"","ast-hfb-mobile-header-display":"","site-post-title":"disabled","ast-breadcrumbs-content":"","ast-featured-img":"disabled","footer-sml-layout":"","theme-transparent-header-meta":"","adv-header-id-meta":"","stick-header-meta":"","header-above-stick-meta":"","header-main-stick-meta":"","header-below-stick-meta":"","astra-migrate-meta-layouts":"set","ast-page-background-enabled":"default","ast-page-background-meta":{"desktop":{"background-color":"","background-image":"","background-repeat":"repeat","background-position":"center center","background-size":"auto","background-attachment":"scroll","background-type":"","background-media":"","overlay-type":"","overlay-color":"","overlay-opacity":"","overlay-gradient":""},"tablet":{"background-color":"","background-image":"","background-repeat":"repeat","background-position":"center center","background-size":"auto","background-attachment":"scroll","background-type":"","background-media":"","overlay-type":"","overlay-color":"","overlay-opacity":"","overlay-gradient":""},"mobile":{"background-color":"","background-image":"","background-repeat":"repeat","background-position":"center center","background-size":"auto","background-attachment":"scroll","background-type":"","background-media":"","overlay-type":"","overlay-color":"","overlay-opacity":"","overlay-gradient":""}},"ast-content-background-meta":{"desktop":{"background-color":"var(--ast-global-color-5)","background-image":"","background-repeat":"repeat","background-position":"center center","background-size":"auto","background-attachment":"scroll","background-type":"","background-media":"","overlay-type":"","overlay-color":"","overlay-opacity":"","overlay-gradient":""},"tablet":{"background-color":"var(--ast-global-color-5)","background-image":"","background-repeat":"repeat","background-position":"center center","background-size":"auto","background-attachment":"scroll","background-type":"","background-media":"","overlay-type":"","overlay-color":"","overlay-opacity":"","overlay-gradient":""},"mobile":{"background-color":"var(--ast-global-color-5)","background-image":"","background-repeat":"repeat","background-position":"center center","background-size":"auto","background-attachment":"scroll","background-type":"","background-media":"","overlay-type":"","overlay-color":"","overlay-opacity":"","overlay-gradient":""}},"footnotes":""},"class_list":["post-1348","page","type-page","status-publish","hentry"],"uagb_featured_image_src":{"full":false,"thumbnail":false,"medium":false,"medium_large":false,"large":false,"1536x1536":false,"2048x2048":false},"uagb_author_info":{"display_name":"Ariane Bothe","author_link":"https:\/\/rhecord.de\/?author=4"},"uagb_comment_info":0,"uagb_excerpt":"RheCORDLeichter durch&#8217;s Leben mit Rheuma Viele rheumatische Erkrankungen \u2013 Eine L\u00f6sung RheCORD ist eine digitale Anwendung, die Menschen hilft, mit ihren rheumatischen Erkrankungen zu leben. Erfahren Sie mehr RheCORD &#8211; Digital verbunden, besser versorgt. RheCORD ist ein digitales Rheuma-Management f\u00fcr Patient:innen mit rheumatischen Erkrankungen und deren Behandler:innen. Die App hilft Patient:innen bei Ihrem t\u00e4glichen Umgang&hellip;","_links":{"self":[{"href":"https:\/\/rhecord.de\/index.php?rest_route=\/wp\/v2\/pages\/1348","targetHints":{"allow":["GET"]}}],"collection":[{"href":"https:\/\/rhecord.de\/index.php?rest_route=\/wp\/v2\/pages"}],"about":[{"href":"https:\/\/rhecord.de\/index.php?rest_route=\/wp\/v2\/types\/page"}],"author":[{"embeddable":true,"href":"https:\/\/rhecord.de\/index.php?rest_route=\/wp\/v2\/users\/4"}],"replies":[{"embeddable":true,"href":"https:\/\/rhecord.de\/index.php?rest_route=%2Fwp%2Fv2%2Fcomments&post=1348"}],"version-history":[{"count":143,"href":"https:\/\/rhecord.de\/index.php?rest_route=\/wp\/v2\/pages\/1348\/revisions"}],"predecessor-version":[{"id":2503,"href":"https:\/\/rhecord.de\/index.php?rest_route=\/wp\/v2\/pages\/1348\/revisions\/2503"}],"wp:attachment":[{"href":"https:\/\/rhecord.de\/index.php?rest_route=%2Fwp%2Fv2%2Fmedia&parent=1348"}],"curies":[{"name":"wp","href":"https:\/\/api.w.org\/{rel}","templated":true}]}}